{"id":8,"date":"2023-04-27T11:47:23","date_gmt":"2023-04-27T11:47:23","guid":{"rendered":"https:\/\/brankairizanin-terapia.com\/contact-us\/"},"modified":"2026-02-27T16:13:20","modified_gmt":"2026-02-27T14:13:20","slug":"contact","status":"publish","type":"page","link":"https:\/\/brankairizanin-terapia.com\/en\/contact\/","title":{"rendered":"Contact"},"content":{"rendered":"<div data-elementor-type=\"wp-page\" data-elementor-id=\"8\" class=\"elementor elementor-8\">\n\t\t\t\t\t\t<section class=\"elementor-section elementor-top-section elementor-element elementor-element-dfec69b elementor-section-full_width elementor-section-height-min-height elementor-section-items-stretch elementor-section-content-middle elementor-reverse-tablet elementor-reverse-mobile elementor-section-height-default\" data-id=\"dfec69b\" data-element_type=\"section\" data-e-type=\"section\">\n\t\t\t\t\t\t<div class=\"elementor-container elementor-column-gap-no\">\n\t\t\t\t\t<div class=\"elementor-column elementor-col-50 elementor-top-column elementor-element elementor-element-d2167c6\" data-id=\"d2167c6\" data-element_type=\"column\" data-e-type=\"column\">\n\t\t\t<div class=\"elementor-widget-wrap elementor-element-populated\">\n\t\t\t\t\t\t<section class=\"elementor-section elementor-inner-section elementor-element elementor-element-4d808d77 elementor-section-full_width elementor-section-height-default elementor-section-height-default\" data-id=\"4d808d77\" data-element_type=\"section\" data-e-type=\"section\">\n\t\t\t\t\t\t<div class=\"elementor-container elementor-column-gap-no\">\n\t\t\t\t\t<div class=\"elementor-column elementor-col-100 elementor-inner-column elementor-element elementor-element-26e83005\" data-id=\"26e83005\" data-element_type=\"column\" data-e-type=\"column\">\n\t\t\t<div class=\"elementor-widget-wrap elementor-element-populated\">\n\t\t\t\t\t\t<div class=\"elementor-element elementor-element-56e3b75 elementor-widget elementor-widget-heading\" data-id=\"56e3b75\" data-element_type=\"widget\" data-e-type=\"widget\" data-widget_type=\"heading.default\">\n\t\t\t\t<div class=\"elementor-widget-container\">\n\t\t\t\t\t<h1 class=\"elementor-heading-title elementor-size-default\">We can easily get to know each other.<\/h1>\t\t\t\t<\/div>\n\t\t\t\t<\/div>\n\t\t\t\t<div class=\"elementor-element elementor-element-ecd400a elementor-widget elementor-widget-spacer\" data-id=\"ecd400a\" data-element_type=\"widget\" data-e-type=\"widget\" data-widget_type=\"spacer.default\">\n\t\t\t\t<div class=\"elementor-widget-container\">\n\t\t\t\t\t\t\t<div class=\"elementor-spacer\">\n\t\t\t<div class=\"elementor-spacer-inner\"><\/div>\n\t\t<\/div>\n\t\t\t\t\t\t<\/div>\n\t\t\t\t<\/div>\n\t\t\t\t<div class=\"elementor-element elementor-element-62ece8e8 elementor-widget__width-initial elementor-invisible elementor-widget elementor-widget-text-editor\" data-id=\"62ece8e8\" data-element_type=\"widget\" data-e-type=\"widget\" data-settings=\"{&quot;_animation&quot;:&quot;fadeInDown&quot;}\" data-widget_type=\"text-editor.default\">\n\t\t\t\t<div class=\"elementor-widget-container\">\n\t\t\t\t\t\t\t\t\t<p>We can set up the meeting either in person or as a video call via Viber, WhatsApp, or Zoom platform.<\/p>\t\t\t\t\t\t\t\t<\/div>\n\t\t\t\t<\/div>\n\t\t\t\t\t<\/div>\n\t\t<\/div>\n\t\t\t\t\t<\/div>\n\t\t<\/section>\n\t\t\t\t<section class=\"elementor-section elementor-inner-section elementor-element elementor-element-786e76f6 elementor-section-full_width elementor-section-height-default elementor-section-height-default\" data-id=\"786e76f6\" data-element_type=\"section\" data-e-type=\"section\">\n\t\t\t\t\t\t<div class=\"elementor-container elementor-column-gap-no\">\n\t\t\t\t\t<div class=\"elementor-column elementor-col-50 elementor-inner-column elementor-element elementor-element-2dae27b7 elementor-invisible\" data-id=\"2dae27b7\" data-element_type=\"column\" data-e-type=\"column\" data-settings=\"{&quot;animation&quot;:&quot;fadeInUp&quot;}\">\n\t\t\t<div class=\"elementor-widget-wrap elementor-element-populated\">\n\t\t\t\t\t\t<div class=\"elementor-element elementor-element-389214c9 elementor-widget elementor-widget-icon-box\" data-id=\"389214c9\" data-element_type=\"widget\" data-e-type=\"widget\" data-widget_type=\"icon-box.default\">\n\t\t\t\t<div class=\"elementor-widget-container\">\n\t\t\t\t\t\t\t<div class=\"elementor-icon-box-wrapper\">\n\n\t\t\t\n\t\t\t\t\t\t<div class=\"elementor-icon-box-content\">\n\n\t\t\t\t\t\t\t\t\t<h3 class=\"elementor-icon-box-title\">\n\t\t\t\t\t\t<span  >\n\t\t\t\t\t\t\tLocation\t\t\t\t\t\t<\/span>\n\t\t\t\t\t<\/h3>\n\t\t\t\t\n\t\t\t\t\t\t\t\t\t<p class=\"elementor-icon-box-description\">\n\t\t\t\t\t\t<span>Kuzeljeva 17, Cacak, Serbia<\/span><br>T\u00f6r\u00f6k\u0151r utca 55, 1145, Budapest, Hungary or\nonline via Zoom platform\t\t\t\t\t<\/p>\n\t\t\t\t\n\t\t\t<\/div>\n\t\t\t\n\t\t<\/div>\n\t\t\t\t\t\t<\/div>\n\t\t\t\t<\/div>\n\t\t\t\t\t<\/div>\n\t\t<\/div>\n\t\t\t\t<div class=\"elementor-column elementor-col-50 elementor-inner-column elementor-element elementor-element-5de08452 elementor-invisible\" data-id=\"5de08452\" data-element_type=\"column\" data-e-type=\"column\" data-settings=\"{&quot;animation&quot;:&quot;fadeInUp&quot;,&quot;animation_delay&quot;:&quot;200&quot;}\">\n\t\t\t<div class=\"elementor-widget-wrap elementor-element-populated\">\n\t\t\t\t\t\t<div class=\"elementor-element elementor-element-2fe77dc5 elementor-widget elementor-widget-icon-box\" data-id=\"2fe77dc5\" data-element_type=\"widget\" data-e-type=\"widget\" data-widget_type=\"icon-box.default\">\n\t\t\t\t<div class=\"elementor-widget-container\">\n\t\t\t\t\t\t\t<div class=\"elementor-icon-box-wrapper\">\n\n\t\t\t\n\t\t\t\t\t\t<div class=\"elementor-icon-box-content\">\n\n\t\t\t\t\t\t\t\t\t<h3 class=\"elementor-icon-box-title\">\n\t\t\t\t\t\t<span  >\n\t\t\t\t\t\t\tContact\t\t\t\t\t\t<\/span>\n\t\t\t\t\t<\/h3>\n\t\t\t\t\n\t\t\t\t\t\t\t\t\t<p class=\"elementor-icon-box-description\">\n\t\t\t\t\t\t(+381)63\/87-82-773<br>\n\n(+36)20\/53-64-322<br>\nbranka.irizanin@yahoo.com\t\t\t\t\t<\/p>\n\t\t\t\t\n\t\t\t<\/div>\n\t\t\t\n\t\t<\/div>\n\t\t\t\t\t\t<\/div>\n\t\t\t\t<\/div>\n\t\t\t\t\t<\/div>\n\t\t<\/div>\n\t\t\t\t\t<\/div>\n\t\t<\/section>\n\t\t\t\t\t<\/div>\n\t\t<\/div>\n\t\t\t\t<div class=\"elementor-column elementor-col-50 elementor-top-column elementor-element elementor-element-66634b72\" data-id=\"66634b72\" data-element_type=\"column\" data-e-type=\"column\" data-settings=\"{&quot;background_background&quot;:&quot;classic&quot;}\">\n\t\t\t<div class=\"elementor-widget-wrap\">\n\t\t\t\t\t\t\t<\/div>\n\t\t<\/div>\n\t\t\t\t\t<\/div>\n\t\t<\/section>\n\t\t\t\t<section class=\"elementor-section elementor-top-section elementor-element elementor-element-40700bb elementor-section-boxed elementor-section-height-default elementor-section-height-default\" data-id=\"40700bb\" data-element_type=\"section\" data-e-type=\"section\">\n\t\t\t\t\t\t<div class=\"elementor-container elementor-column-gap-default\">\n\t\t\t\t\t<div class=\"elementor-column elementor-col-100 elementor-top-column elementor-element elementor-element-b67bcfa\" data-id=\"b67bcfa\" data-element_type=\"column\" data-e-type=\"column\">\n\t\t\t<div class=\"elementor-widget-wrap elementor-element-populated\">\n\t\t\t\t\t\t<div class=\"elementor-element elementor-element-501992a elementor-widget elementor-widget-spacer\" data-id=\"501992a\" data-element_type=\"widget\" data-e-type=\"widget\" data-widget_type=\"spacer.default\">\n\t\t\t\t<div class=\"elementor-widget-container\">\n\t\t\t\t\t\t\t<div class=\"elementor-spacer\">\n\t\t\t<div class=\"elementor-spacer-inner\"><\/div>\n\t\t<\/div>\n\t\t\t\t\t\t<\/div>\n\t\t\t\t<\/div>\n\t\t\t\t\t<\/div>\n\t\t<\/div>\n\t\t\t\t\t<\/div>\n\t\t<\/section>\n\t\t\t\t<section class=\"elementor-section elementor-top-section elementor-element elementor-element-bc3d3f7 elementor-section-full_width elementor-section-height-default elementor-section-height-default\" data-id=\"bc3d3f7\" data-element_type=\"section\" data-e-type=\"section\">\n\t\t\t\t\t\t<div class=\"elementor-container elementor-column-gap-default\">\n\t\t\t\t\t<div class=\"elementor-column elementor-col-33 elementor-top-column elementor-element elementor-element-3d844c7\" data-id=\"3d844c7\" data-element_type=\"column\" data-e-type=\"column\">\n\t\t\t<div class=\"elementor-widget-wrap elementor-element-populated\">\n\t\t\t\t\t\t<div class=\"elementor-element elementor-element-7b6fd7f elementor-widget elementor-widget-image\" data-id=\"7b6fd7f\" data-element_type=\"widget\" data-e-type=\"widget\" data-widget_type=\"image.default\">\n\t\t\t\t<div class=\"elementor-widget-container\">\n\t\t\t\t\t\t\t\t\t\t\t\t\t\t\t<img fetchpriority=\"high\" decoding=\"async\" width=\"300\" height=\"195\" src=\"https:\/\/brankairizanin-terapia.com\/wp-content\/uploads\/2023\/05\/cropped-cropped-Branka-Irizanin-300x195.png\" class=\"attachment-medium size-medium wp-image-279\" alt=\"\" srcset=\"https:\/\/brankairizanin-terapia.com\/wp-content\/uploads\/2023\/05\/cropped-cropped-Branka-Irizanin-300x195.png 300w, https:\/\/brankairizanin-terapia.com\/wp-content\/uploads\/2023\/05\/cropped-cropped-Branka-Irizanin.png 500w\" sizes=\"(max-width: 300px) 100vw, 300px\" \/>\t\t\t\t\t\t\t\t\t\t\t\t\t\t\t<\/div>\n\t\t\t\t<\/div>\n\t\t\t\t\t<\/div>\n\t\t<\/div>\n\t\t\t\t<div class=\"elementor-column elementor-col-33 elementor-top-column elementor-element elementor-element-b835c3f\" data-id=\"b835c3f\" data-element_type=\"column\" data-e-type=\"column\">\n\t\t\t<div class=\"elementor-widget-wrap elementor-element-populated\">\n\t\t\t\t\t\t<div class=\"elementor-element elementor-element-c29af00 elementor-widget__width-initial elementor-widget elementor-widget-text-editor\" data-id=\"c29af00\" data-element_type=\"widget\" data-e-type=\"widget\" data-widget_type=\"text-editor.default\">\n\t\t\t\t<div class=\"elementor-widget-container\">\n\t\t\t\t\t\t\t\t\t<p>\u00a0<\/p><p>For additional resources and inspiration follow me on my <a href=\"https:\/\/www.facebook.com\/Branka.Iri.terapija\" target=\"_blank\" rel=\"noopener\">Facebook<\/a> page.<\/p>\t\t\t\t\t\t\t\t<\/div>\n\t\t\t\t<\/div>\n\t\t\t\t\t<\/div>\n\t\t<\/div>\n\t\t\t\t<div class=\"elementor-column elementor-col-33 elementor-top-column elementor-element elementor-element-5f58484\" data-id=\"5f58484\" data-element_type=\"column\" data-e-type=\"column\">\n\t\t\t<div class=\"elementor-widget-wrap\">\n\t\t\t\t\t\t\t<\/div>\n\t\t<\/div>\n\t\t\t\t\t<\/div>\n\t\t<\/section>\n\t\t\t\t<\/div>","protected":false},"excerpt":{"rendered":"<p>Lako mo\u017eemo da se upoznamo. Susret dogovaramo u\u017eivo ili kao video poziv preko Viber, WhatsApp ili Zoom platforme. Lokacija Ku\u017eeljeva 17, \u010ca\u010dak, SrbijaT\u00f6r\u00f6k\u0151r utca 55,&nbsp;1145, Budimpe\u0161ta, Ma\u0111arska ili online &#8211; zoom platforma Kontakt (+381)63\/87-82-773 (+36)20\/53-64-322 branka.irizanin@yahoo.com \u00a0 Za dodatne resurse i inspiraciju pratite me na mojoj Facebook strani.<\/p>","protected":false},"author":1,"featured_media":0,"parent":0,"menu_order":0,"comment_status":"closed","ping_status":"closed","template":"","meta":{"footnotes":""},"class_list":["post-8","page","type-page","status-publish","hentry"],"yoast_head":"<!-- This site is optimized with the Yoast SEO plugin v27.4 - https:\/\/yoast.com\/product\/yoast-seo-wordpress\/ -->\n<title>Kontakt - Branka Iri\u017eanin<\/title>\n<meta name=\"description\" content=\"Branka Irizanin, graduated psychologist and a theologian with a master&#039;s degree, I practice Gestalt psychotherapy under supervision.\" \/>\n<meta name=\"robots\" content=\"index, follow, max-snippet:-1, max-image-preview:large, max-video-preview:-1\" \/>\n<link rel=\"canonical\" href=\"https:\/\/brankairizanin-terapia.com\/en\/contact\/\" \/>\n<meta property=\"og:locale\" content=\"en_GB\" \/>\n<meta property=\"og:type\" content=\"article\" \/>\n<meta property=\"og:title\" content=\"Kontakt - Branka Iri\u017eanin\" \/>\n<meta property=\"og:description\" content=\"Branka Irizanin, graduated psychologist and a theologian with a master&#039;s degree, I practice Gestalt psychotherapy under supervision.\" \/>\n<meta property=\"og:url\" content=\"https:\/\/brankairizanin-terapia.com\/en\/contact\/\" \/>\n<meta property=\"og:site_name\" content=\"Branka Iri\u017eanin\" \/>\n<meta property=\"article:publisher\" content=\"https:\/\/www.facebook.com\/Branka.Iri.terapija\" \/>\n<meta property=\"article:modified_time\" content=\"2026-02-27T14:13:20+00:00\" \/>\n<meta property=\"og:image\" content=\"https:\/\/brankairizanin-terapia.com\/wp-content\/uploads\/2023\/05\/cropped-cropped-Branka-Irizanin.png\" \/>\n\t<meta property=\"og:image:width\" content=\"500\" \/>\n\t<meta property=\"og:image:height\" content=\"325\" \/>\n\t<meta property=\"og:image:type\" content=\"image\/png\" \/>\n<meta name=\"twitter:card\" content=\"summary_large_image\" \/>\n<meta name=\"twitter:label1\" content=\"Estimated reading time\" \/>\n\t<meta name=\"twitter:data1\" content=\"1 minute\" \/>\n<script type=\"application\/ld+json\" class=\"yoast-schema-graph\">{\"@context\":\"https:\\\/\\\/schema.org\",\"@graph\":[{\"@type\":\"WebPage\",\"@id\":\"https:\\\/\\\/brankairizanin-terapia.com\\\/contact\\\/\",\"url\":\"https:\\\/\\\/brankairizanin-terapia.com\\\/contact\\\/\",\"name\":\"Kontakt - Branka Iri\u017eanin\",\"isPartOf\":{\"@id\":\"https:\\\/\\\/brankairizanin-terapia.com\\\/en\\\/#website\"},\"primaryImageOfPage\":{\"@id\":\"https:\\\/\\\/brankairizanin-terapia.com\\\/contact\\\/#primaryimage\"},\"image\":{\"@id\":\"https:\\\/\\\/brankairizanin-terapia.com\\\/contact\\\/#primaryimage\"},\"thumbnailUrl\":\"https:\\\/\\\/brankairizanin-terapia.com\\\/wp-content\\\/uploads\\\/2023\\\/05\\\/cropped-cropped-Branka-Irizanin-300x195.png\",\"datePublished\":\"2023-04-27T11:47:23+00:00\",\"dateModified\":\"2026-02-27T14:13:20+00:00\",\"description\":\"Branka Irizanin, graduated psychologist and a theologian with a master's degree, I practice Gestalt psychotherapy under supervision.\",\"breadcrumb\":{\"@id\":\"https:\\\/\\\/brankairizanin-terapia.com\\\/contact\\\/#breadcrumb\"},\"inLanguage\":\"en-GB\",\"potentialAction\":[{\"@type\":\"ReadAction\",\"target\":[\"https:\\\/\\\/brankairizanin-terapia.com\\\/contact\\\/\"]}]},{\"@type\":\"ImageObject\",\"inLanguage\":\"en-GB\",\"@id\":\"https:\\\/\\\/brankairizanin-terapia.com\\\/contact\\\/#primaryimage\",\"url\":\"https:\\\/\\\/brankairizanin-terapia.com\\\/wp-content\\\/uploads\\\/2023\\\/05\\\/cropped-cropped-Branka-Irizanin-300x195.png\",\"contentUrl\":\"https:\\\/\\\/brankairizanin-terapia.com\\\/wp-content\\\/uploads\\\/2023\\\/05\\\/cropped-cropped-Branka-Irizanin-300x195.png\"},{\"@type\":\"BreadcrumbList\",\"@id\":\"https:\\\/\\\/brankairizanin-terapia.com\\\/contact\\\/#breadcrumb\",\"itemListElement\":[{\"@type\":\"ListItem\",\"position\":1,\"name\":\"Home\",\"item\":\"https:\\\/\\\/brankairizanin-terapia.com\\\/\"},{\"@type\":\"ListItem\",\"position\":2,\"name\":\"Kontakt\"}]},{\"@type\":\"WebSite\",\"@id\":\"https:\\\/\\\/brankairizanin-terapia.com\\\/en\\\/#website\",\"url\":\"https:\\\/\\\/brankairizanin-terapia.com\\\/en\\\/\",\"name\":\"Branka Iri\u017eanin\",\"description\":\"Branka Iri\u017eanin psihoterapija\",\"publisher\":{\"@id\":\"https:\\\/\\\/brankairizanin-terapia.com\\\/en\\\/#\\\/schema\\\/person\\\/3d5c5bf9a329e88267844c01e005d74b\"},\"potentialAction\":[{\"@type\":\"SearchAction\",\"target\":{\"@type\":\"EntryPoint\",\"urlTemplate\":\"https:\\\/\\\/brankairizanin-terapia.com\\\/en\\\/?s={search_term_string}\"},\"query-input\":{\"@type\":\"PropertyValueSpecification\",\"valueRequired\":true,\"valueName\":\"search_term_string\"}}],\"inLanguage\":\"en-GB\"},{\"@type\":[\"Person\",\"Organization\"],\"@id\":\"https:\\\/\\\/brankairizanin-terapia.com\\\/en\\\/#\\\/schema\\\/person\\\/3d5c5bf9a329e88267844c01e005d74b\",\"name\":\"Branka Irizanin\",\"image\":{\"@type\":\"ImageObject\",\"inLanguage\":\"en-GB\",\"@id\":\"https:\\\/\\\/brankairizanin-terapia.com\\\/wp-content\\\/uploads\\\/2023\\\/05\\\/cropped-cropped-Branka-Irizanin.png\",\"url\":\"https:\\\/\\\/brankairizanin-terapia.com\\\/wp-content\\\/uploads\\\/2023\\\/05\\\/cropped-cropped-Branka-Irizanin.png\",\"contentUrl\":\"https:\\\/\\\/brankairizanin-terapia.com\\\/wp-content\\\/uploads\\\/2023\\\/05\\\/cropped-cropped-Branka-Irizanin.png\",\"width\":500,\"height\":325,\"caption\":\"Branka Irizanin\"},\"logo\":{\"@id\":\"https:\\\/\\\/brankairizanin-terapia.com\\\/wp-content\\\/uploads\\\/2023\\\/05\\\/cropped-cropped-Branka-Irizanin.png\"},\"sameAs\":[\"https:\\\/\\\/brankairizanin-terapia.com\",\"https:\\\/\\\/www.facebook.com\\\/Branka.Iri.terapija\",\"https:\\\/\\\/www.instagram.com\\\/brankairizanin\\\/\",\"https:\\\/\\\/www.linkedin.com\\\/in\\\/brankairizanin\\\/\"]}]}<\/script>\n<!-- \/ Yoast SEO plugin. -->","yoast_head_json":{"title":"Kontakt - Branka Iri\u017eanin","description":"Branka Irizanin, graduated psychologist and a theologian with a master's degree, I practice Gestalt psychotherapy under supervision.","robots":{"index":"index","follow":"follow","max-snippet":"max-snippet:-1","max-image-preview":"max-image-preview:large","max-video-preview":"max-video-preview:-1"},"canonical":"https:\/\/brankairizanin-terapia.com\/en\/contact\/","og_locale":"en_GB","og_type":"article","og_title":"Kontakt - Branka Iri\u017eanin","og_description":"Branka Irizanin, graduated psychologist and a theologian with a master's degree, I practice Gestalt psychotherapy under supervision.","og_url":"https:\/\/brankairizanin-terapia.com\/en\/contact\/","og_site_name":"Branka Iri\u017eanin","article_publisher":"https:\/\/www.facebook.com\/Branka.Iri.terapija","article_modified_time":"2026-02-27T14:13:20+00:00","og_image":[{"width":500,"height":325,"url":"https:\/\/brankairizanin-terapia.com\/wp-content\/uploads\/2023\/05\/cropped-cropped-Branka-Irizanin.png","type":"image\/png"}],"twitter_card":"summary_large_image","twitter_misc":{"Estimated reading time":"1 minute"},"schema":{"@context":"https:\/\/schema.org","@graph":[{"@type":"WebPage","@id":"https:\/\/brankairizanin-terapia.com\/contact\/","url":"https:\/\/brankairizanin-terapia.com\/contact\/","name":"Kontakt - Branka Iri\u017eanin","isPartOf":{"@id":"https:\/\/brankairizanin-terapia.com\/en\/#website"},"primaryImageOfPage":{"@id":"https:\/\/brankairizanin-terapia.com\/contact\/#primaryimage"},"image":{"@id":"https:\/\/brankairizanin-terapia.com\/contact\/#primaryimage"},"thumbnailUrl":"https:\/\/brankairizanin-terapia.com\/wp-content\/uploads\/2023\/05\/cropped-cropped-Branka-Irizanin-300x195.png","datePublished":"2023-04-27T11:47:23+00:00","dateModified":"2026-02-27T14:13:20+00:00","description":"Branka Irizanin, graduated psychologist and a theologian with a master's degree, I practice Gestalt psychotherapy under supervision.","breadcrumb":{"@id":"https:\/\/brankairizanin-terapia.com\/contact\/#breadcrumb"},"inLanguage":"en-GB","potentialAction":[{"@type":"ReadAction","target":["https:\/\/brankairizanin-terapia.com\/contact\/"]}]},{"@type":"ImageObject","inLanguage":"en-GB","@id":"https:\/\/brankairizanin-terapia.com\/contact\/#primaryimage","url":"https:\/\/brankairizanin-terapia.com\/wp-content\/uploads\/2023\/05\/cropped-cropped-Branka-Irizanin-300x195.png","contentUrl":"https:\/\/brankairizanin-terapia.com\/wp-content\/uploads\/2023\/05\/cropped-cropped-Branka-Irizanin-300x195.png"},{"@type":"BreadcrumbList","@id":"https:\/\/brankairizanin-terapia.com\/contact\/#breadcrumb","itemListElement":[{"@type":"ListItem","position":1,"name":"Home","item":"https:\/\/brankairizanin-terapia.com\/"},{"@type":"ListItem","position":2,"name":"Kontakt"}]},{"@type":"WebSite","@id":"https:\/\/brankairizanin-terapia.com\/en\/#website","url":"https:\/\/brankairizanin-terapia.com\/en\/","name":"Branka Iri\u017eanin","description":"Branka Irizanin psychotherapy","publisher":{"@id":"https:\/\/brankairizanin-terapia.com\/en\/#\/schema\/person\/3d5c5bf9a329e88267844c01e005d74b"},"potentialAction":[{"@type":"SearchAction","target":{"@type":"EntryPoint","urlTemplate":"https:\/\/brankairizanin-terapia.com\/en\/?s={search_term_string}"},"query-input":{"@type":"PropertyValueSpecification","valueRequired":true,"valueName":"search_term_string"}}],"inLanguage":"en-GB"},{"@type":["Person","Organization"],"@id":"https:\/\/brankairizanin-terapia.com\/en\/#\/schema\/person\/3d5c5bf9a329e88267844c01e005d74b","name":"Branka Irizanin","image":{"@type":"ImageObject","inLanguage":"en-GB","@id":"https:\/\/brankairizanin-terapia.com\/wp-content\/uploads\/2023\/05\/cropped-cropped-Branka-Irizanin.png","url":"https:\/\/brankairizanin-terapia.com\/wp-content\/uploads\/2023\/05\/cropped-cropped-Branka-Irizanin.png","contentUrl":"https:\/\/brankairizanin-terapia.com\/wp-content\/uploads\/2023\/05\/cropped-cropped-Branka-Irizanin.png","width":500,"height":325,"caption":"Branka Irizanin"},"logo":{"@id":"https:\/\/brankairizanin-terapia.com\/wp-content\/uploads\/2023\/05\/cropped-cropped-Branka-Irizanin.png"},"sameAs":["https:\/\/brankairizanin-terapia.com","https:\/\/www.facebook.com\/Branka.Iri.terapija","https:\/\/www.instagram.com\/brankairizanin\/","https:\/\/www.linkedin.com\/in\/brankairizanin\/"]}]}},"_links":{"self":[{"href":"https:\/\/brankairizanin-terapia.com\/en\/wp-json\/wp\/v2\/pages\/8","targetHints":{"allow":["GET"]}}],"collection":[{"href":"https:\/\/brankairizanin-terapia.com\/en\/wp-json\/wp\/v2\/pages"}],"about":[{"href":"https:\/\/brankairizanin-terapia.com\/en\/wp-json\/wp\/v2\/types\/page"}],"author":[{"embeddable":true,"href":"https:\/\/brankairizanin-terapia.com\/en\/wp-json\/wp\/v2\/users\/1"}],"replies":[{"embeddable":true,"href":"https:\/\/brankairizanin-terapia.com\/en\/wp-json\/wp\/v2\/comments?post=8"}],"version-history":[{"count":78,"href":"https:\/\/brankairizanin-terapia.com\/en\/wp-json\/wp\/v2\/pages\/8\/revisions"}],"predecessor-version":[{"id":1315,"href":"https:\/\/brankairizanin-terapia.com\/en\/wp-json\/wp\/v2\/pages\/8\/revisions\/1315"}],"wp:attachment":[{"href":"https:\/\/brankairizanin-terapia.com\/en\/wp-json\/wp\/v2\/media?parent=8"}],"curies":[{"name":"wp","href":"https:\/\/api.w.org\/{rel}","templated":true}]}}